{"id":1029,"date":"2019-06-11T09:50:44","date_gmt":"2019-06-11T09:50:44","guid":{"rendered":"https:\/\/themes.getmotopress.com\/luviana\/?page_id=13"},"modified":"2025-06-07T14:33:16","modified_gmt":"2025-06-07T14:33:16","slug":"hello-salut-hola","status":"publish","type":"page","link":"https:\/\/bohoblissbudapest.com\/hun\/home\/hello-salut-hola\/","title":{"rendered":"Hello. Szia. J\u00f3 napot."},"content":{"rendered":"<p class=\"translation-block\">\u00dcdv\u00f6z\u00f6lj\u00fck a <strong>Boho Bliss Budapestben<\/strong> \u2013 az \u00d6n hangulatos, boh\u00e9m mened\u00e9khely\u00e9n, mind\u00f6ssze p\u00e1r l\u00e9p\u00e9sre a Keleti p\u00e1lyaudvart\u00f3l.\n\nSt\u00edlusosan kialak\u00edtott kis otthonunk p\u00e1rok, csal\u00e1dok vagy egy\u00e9ni utaz\u00f3k sz\u00e1m\u00e1ra, b\u00e9k\u00e9s k\u00e9nyelmet k\u00edn\u00e1l egy klasszikus bels\u0151 udvaros \u00e9p\u00fcletben.\nLaz\u00edtson, lass\u00edtson le, \u00e9s \u00e9lvezze a v\u00e1rost a saj\u00e1t kedv\u00e9re.\nFeedback<\/p>\n\n\n\n<!--more-->","protected":false},"excerpt":{"rendered":"<p class=\"translation-block\">\u00dcdv\u00f6z\u00f6lj\u00fck a <strong>Boho Bliss Budapestben<\/strong> \u2013 az \u00d6n hangulatos, boh\u00e9m mened\u00e9khely\u00e9n, mind\u00f6ssze p\u00e1r l\u00e9p\u00e9sre a Keleti p\u00e1lyaudvart\u00f3l.\n\nSt\u00edlusosan kialak\u00edtott kis otthonunk p\u00e1rok, csal\u00e1dok vagy egy\u00e9ni utaz\u00f3k sz\u00e1m\u00e1ra, b\u00e9k\u00e9s k\u00e9nyelmet k\u00edn\u00e1l egy klasszikus bels\u0151 udvaros \u00e9p\u00fcletben.\nLaz\u00edtson, lass\u00edtson le, \u00e9s \u00e9lvezze a v\u00e1rost a saj\u00e1t kedv\u00e9re.\nFeedback<\/p>","protected":false},"author":1,"featured_media":1386,"parent":1028,"menu_order":0,"comment_status":"closed","ping_status":"closed","template":"","meta":{"om_disable_all_campaigns":false,"inline_featured_image":false,"_monsterinsights_skip_tracking":false,"_monsterinsights_sitenote_active":false,"_monsterinsights_sitenote_note":"","_monsterinsights_sitenote_category":0,"footnotes":""},"class_list":["post-1029","page","type-page","status-publish","has-post-thumbnail","hentry"],"aioseo_notices":[],"_links":{"self":[{"href":"https:\/\/bohoblissbudapest.com\/hun\/wp-json\/wp\/v2\/pages\/1029","targetHints":{"allow":["GET"]}}],"collection":[{"href":"https:\/\/bohoblissbudapest.com\/hun\/wp-json\/wp\/v2\/pages"}],"about":[{"href":"https:\/\/bohoblissbudapest.com\/hun\/wp-json\/wp\/v2\/types\/page"}],"author":[{"embeddable":true,"href":"https:\/\/bohoblissbudapest.com\/hun\/wp-json\/wp\/v2\/users\/1"}],"replies":[{"embeddable":true,"href":"https:\/\/bohoblissbudapest.com\/hun\/wp-json\/wp\/v2\/comments?post=1029"}],"version-history":[{"count":8,"href":"https:\/\/bohoblissbudapest.com\/hun\/wp-json\/wp\/v2\/pages\/1029\/revisions"}],"predecessor-version":[{"id":1754,"href":"https:\/\/bohoblissbudapest.com\/hun\/wp-json\/wp\/v2\/pages\/1029\/revisions\/1754"}],"up":[{"embeddable":true,"href":"https:\/\/bohoblissbudapest.com\/hun\/wp-json\/wp\/v2\/pages\/1028"}],"wp:featuredmedia":[{"embeddable":true,"href":"https:\/\/bohoblissbudapest.com\/hun\/wp-json\/wp\/v2\/media\/1386"}],"wp:attachment":[{"href":"https:\/\/bohoblissbudapest.com\/hun\/wp-json\/wp\/v2\/media?parent=1029"}],"curies":[{"name":"wp","href":"https:\/\/api.w.org\/{rel}","templated":true}]}}