{"id":20,"date":"2025-03-25T17:27:17","date_gmt":"2025-03-25T17:27:17","guid":{"rendered":"https:\/\/bohoblissbudapest.com\/index.php\/my-account\/"},"modified":"2025-05-07T11:19:21","modified_gmt":"2025-05-07T11:19:21","slug":"my-account","status":"publish","type":"page","link":"https:\/\/bohoblissbudapest.com\/hun\/my-account\/","title":{"rendered":"\u00dcgyf\u00e9lfi\u00f3k"},"content":{"rendered":"<div class=\"mphb_sc_account\">\n\t\t\t\t\t\t<div class=\"mphb-account-content\">\n\t\t\t\t\t\t\t\t\t\t\t\t\t\t\t<div class=\"mphb-login-form\">\n\t\t\t\t<form name=\"loginform\" id=\"loginform\" action=\"https:\/\/bohoblissbudapest.com\/wp-login.php\" method=\"post\"><p class=\"login-username\">\n\t\t\t\t<label for=\"user_login\">Felhaszn\u00e1l\u00f3n\u00e9v, vagy e-mail c\u00edm<\/label>\n\t\t\t\t<input type=\"text\" name=\"log\" id=\"user_login\" autocomplete=\"username\" class=\"input\" value=\"\" size=\"20\" \/>\n\t\t\t<\/p><p class=\"login-password\">\n\t\t\t\t<label for=\"user_pass\">Jelsz\u00f3<\/label>\n\t\t\t\t<input type=\"password\" name=\"pwd\" id=\"user_pass\" autocomplete=\"current-password\" spellcheck=\"false\" class=\"input\" value=\"\" size=\"20\" \/>\n\t\t\t<\/p><p class=\"login-remember\"><label><input name=\"rememberme\" type=\"checkbox\" id=\"rememberme\" value=\"forever\" \/> Eml\u00e9kezzen r\u00e1m<\/label><\/p><p class=\"login-submit\">\n\t\t\t\t<input type=\"submit\" name=\"wp-submit\" id=\"wp-submit\" class=\"button button-primary\" value=\"Bejelentkez\u00e9s\" \/>\n\t\t\t\t<input type=\"hidden\" name=\"redirect_to\" value=\"https:\/\/bohoblissbudapest.com\/hun\/wp-json\/wp\/v2\/pages\/20\" \/>\n\t\t\t<\/p><\/form>\t\t\t\t<a href=\"https:\/\/bohoblissbudapest.com\/wp-login.php?action=lostpassword&#038;redirect_to=https%3A%2F%2Fbohoblissbudapest.com%2Fhun%2Fmy-account%2F\">Lost your password?<\/a>\n\t\t\t<\/div>\n\t\t\t\t\t\t\t\t\t\t<\/div>\n\t\t<\/div>","protected":false},"excerpt":{"rendered":"","protected":false},"author":1,"featured_media":0,"parent":0,"menu_order":0,"comment_status":"closed","ping_status":"closed","template":"","meta":{"om_disable_all_campaigns":false,"inline_featured_image":false,"_monsterinsights_skip_tracking":false,"_monsterinsights_sitenote_active":false,"_monsterinsights_sitenote_note":"","_monsterinsights_sitenote_category":0,"footnotes":""},"class_list":["post-20","page","type-page","status-publish","hentry"],"aioseo_notices":[],"_links":{"self":[{"href":"https:\/\/bohoblissbudapest.com\/hun\/wp-json\/wp\/v2\/pages\/20","targetHints":{"allow":["GET"]}}],"collection":[{"href":"https:\/\/bohoblissbudapest.com\/hun\/wp-json\/wp\/v2\/pages"}],"about":[{"href":"https:\/\/bohoblissbudapest.com\/hun\/wp-json\/wp\/v2\/types\/page"}],"author":[{"embeddable":true,"href":"https:\/\/bohoblissbudapest.com\/hun\/wp-json\/wp\/v2\/users\/1"}],"replies":[{"embeddable":true,"href":"https:\/\/bohoblissbudapest.com\/hun\/wp-json\/wp\/v2\/comments?post=20"}],"version-history":[{"count":1,"href":"https:\/\/bohoblissbudapest.com\/hun\/wp-json\/wp\/v2\/pages\/20\/revisions"}],"predecessor-version":[{"id":1344,"href":"https:\/\/bohoblissbudapest.com\/hun\/wp-json\/wp\/v2\/pages\/20\/revisions\/1344"}],"wp:attachment":[{"href":"https:\/\/bohoblissbudapest.com\/hun\/wp-json\/wp\/v2\/media?parent=20"}],"curies":[{"name":"wp","href":"https:\/\/api.w.org\/{rel}","templated":true}]}}