{"id":203,"date":"2019-06-11T14:22:58","date_gmt":"2019-06-11T14:22:58","guid":{"rendered":"https:\/\/themes.getmotopress.com\/luviana\/?page_id=203"},"modified":"2025-04-10T10:09:08","modified_gmt":"2025-04-10T10:09:08","slug":"stay-options","status":"publish","type":"page","link":"https:\/\/bohoblissbudapest.com\/hun\/stay-options\/","title":{"rendered":"Kiknek aj\u00e1nljuk apartmanunkat?"},"content":{"rendered":"<div class=\"mphb_sc_rooms-wrapper mphb-room-types alignwide\">\t<div class=\"mphb-room-types-wrapper\">\r\n\t\r\n<div class=\"mphb-room-type post-111 mphb_room_type type-mphb_room_type status-publish has-post-thumbnail mphb_room_type_category-double mphb_room_type_category-single mphb_room_type_facility-coffee-maker-kettle mphb_room_type_facility-complimentary-toiletries mphb_room_type_facility-family-friendly-baby-gear-upon-request mphb_room_type_facility-fan mphb_room_type_facility-free-high-speed-wi-fi mphb_room_type_facility-fresh-towels-bed-linen mphb_room_type_facility-fridge-freezer mphb_room_type_facility-fully-equipped-kitchen mphb_room_type_facility-hair-dryer mphb_room_type_facility-iron-ironing-board mphb_room_type_facility-microwave mphb_room_type_facility-optional-breakfast-packages-available mphb_room_type_facility-private-bathroom-with-shower mphb_room_type_facility-smart-tv-with-international-channels mphb_room_type_facility-toaster mphb-room-type-adults-2 mphb-room-type-children-0\">\r\n\r\n                <div class=\"room-images-wrapper\">\r\n            \n\n\t<div class=\"mphb-room-type-images\">\n\t<div id='mphb-flexslider-gallery-1' class='gallery-columns-1 gallery-size-luviana-square mphb-gallery-main-slider mphb-flexslider-gallery-wrapper mphb-room-type-gallery-wrapper mphb-gallery-main-slider-69dde29607de7' data-flexslider-atts='{\"animation\":\"slide\",\"controlNav\":false,\"animationLoop\":true,\"smoothHeight\":true,\"slideshow\":false}' data-group='69dde29607de7'><ul class=\"slides\"><li class='gallery-item'><span class='gallery-icon landscape'>\n\t\t\t\t<a href=\"https:\/\/bohoblissbudapest.com\/hun\/accommodation\/cozy-escape\/\"><img loading=\"lazy\" decoding=\"async\" width=\"992\" height=\"992\" src=\"https:\/\/bohoblissbudapest.com\/wp-content\/uploads\/2019\/06\/apartman-budapest-for-couples.jpg\" class=\"attachment-luviana-square size-luviana-square\" alt=\"\" srcset=\"https:\/\/bohoblissbudapest.com\/wp-content\/uploads\/2019\/06\/apartman-budapest-for-couples.jpg 992w, https:\/\/bohoblissbudapest.com\/wp-content\/uploads\/2019\/06\/apartman-budapest-for-couples-300x300.jpg 300w, https:\/\/bohoblissbudapest.com\/wp-content\/uploads\/2019\/06\/apartman-budapest-for-couples-150x150.jpg 150w, https:\/\/bohoblissbudapest.com\/wp-content\/uploads\/2019\/06\/apartman-budapest-for-couples-768x768.jpg 768w\" sizes=\"auto, (max-width: 992px) 100vw, 992px\" \/><\/a>\n\t\t\t<\/span><\/li><\/ul>\n\t\t<\/div>\n\n\t<\/div>\n\t        <\/div>\r\n                <div class=\"room-description-wrapper\">\r\n            <div class=\"room-description-inner-wrapper\">\r\n                                    <div class=\"room-details\">\r\n                        \n<h2 class=\"mphb-room-type-title entry-title\">\n\n<a class=\"mphb-room-type-title\" href=\"https:\/\/bohoblissbudapest.com\/hun\/accommodation\/cozy-escape\/\">Hangulatos Kikapcsol\u00f3d\u00e1s (1\u20132 f\u0151 r\u00e9sz\u00e9re)<\/a>\n\n<\/h2>\n\n<p>T\u00f6k\u00e9letes v\u00e1laszt\u00e1s egy\u00e9ni utaz\u00f3knak vagy p\u00e1roknak, akik st\u00edlusos \u00e9s nyugodt kikapcsol\u00f3d\u00e1sra v\u00e1gynak. Aludj a k\u00e9nyelmes gal\u00e9ria\u00e1gyon, kortyold el reggeli k\u00e1v\u00e9dat, \u00e9s \u00e9lvezd Budapest hangulat\u00e1t a saj\u00e1t kis kuck\u00f3db\u00f3l.<\/p>\n\n\n<h3 class=\"mphb-room-type-details-title\">R\u00e9szletek<\/h3><ul class=\"mphb-loop-room-type-attributes\">\n\t<li class=\"mphb-room-type-total-capacity\"><span class=\"mphb-attribute-title mphb-total-capacity-title\">Vend\u00e9gek:<\/span><span class=\"mphb-attribute-value\">\n\t2\n\t<\/span><\/li>\t\n\n\n\n\n\n\n\t<li class=\"mphb-room-type-size\"><span class=\"mphb-attribute-title mphb-size-title\">M\u00e9ret:<\/span><span class=\"mphb-attribute-value\">\n\t29m\u00b2\n\t<\/span><\/li>\n\t\n\n\t<li class=\"mphb-room-type-bed-type\"><span  class=\"mphb-attribute-title mphb-bed-type-title\">\u00c1gy t\u00edpus:<\/span><span class=\"mphb-attribute-value\">\n\tfrancia\u00e1gy\n\t<\/span><\/li>\n\t\n\n\t<li class=\"mphb-room-type-categories\"><span class=\"mphb-attribute-title mphb-categories-title\">Kateg\u00f3ri\u00e1k:<\/span><span class=\"mphb-attribute-value\"> <span class=\"category-double\"><a href=\"https:\/\/bohoblissbudapest.com\/hun\/accommodation-category\/double\/\">Dupla<\/a><\/span>, <span class=\"category-single\"><a href=\"https:\/\/bohoblissbudapest.com\/hun\/accommodation-category\/single\/\">Szimpla<\/a><\/span><\/span><\/li>\n\t\n\n\t<li class=\"mphb-room-type-facilities\"><span class=\"mphb-attribute-title mphb-facilities-title\">Szolg\u00e1ltat\u00e1sok:<\/span><span class=\"mphb-attribute-value\"> <span class=\"facility-coffee-maker-kettle\"><a href=\"https:\/\/bohoblissbudapest.com\/hun\/accommodation-facility\/coffee-maker-kettle\/\">K\u00e1v\u00e9f\u0151z\u0151 \u00e9s v\u00edzforral\u00f3<\/a><\/span>, <span class=\"facility-complimentary-toiletries\"><a href=\"https:\/\/bohoblissbudapest.com\/hun\/accommodation-facility\/complimentary-toiletries\/\">Ingyenes piperecikkek<\/a><\/span>, <span class=\"facility-family-friendly-baby-gear-upon-request\"><a href=\"https:\/\/bohoblissbudapest.com\/hun\/accommodation-facility\/family-friendly-baby-gear-upon-request\/\">Csal\u00e1dbar\u00e1t: babaeszk\u00f6z\u00f6k k\u00e9r\u00e9sre<\/a><\/span>, <span class=\"facility-fan\"><a href=\"https:\/\/bohoblissbudapest.com\/hun\/accommodation-facility\/fan\/\">Ventil\u00e1tor<\/a><\/span>, <span class=\"facility-free-high-speed-wi-fi\"><a href=\"https:\/\/bohoblissbudapest.com\/hun\/accommodation-facility\/free-high-speed-wi-fi\/\">Ingyenes Wi-Fi<\/a><\/span>, <span class=\"facility-fresh-towels-bed-linen\"><a href=\"https:\/\/bohoblissbudapest.com\/hun\/accommodation-facility\/fresh-towels-bed-linen\/\">Friss t\u00f6r\u00f6lk\u00f6z\u0151 \u00e9s \u00e1gynem\u0171<\/a><\/span>, <span class=\"facility-fridge-freezer\"><a href=\"https:\/\/bohoblissbudapest.com\/hun\/accommodation-facility\/fridge-freezer\/\">H\u0171t\u0151szekr\u00e9ny \u00e9s fagyaszt\u00f3<\/a><\/span>, <span class=\"facility-fully-equipped-kitchen\"><a href=\"https:\/\/bohoblissbudapest.com\/hun\/accommodation-facility\/fully-equipped-kitchen\/\">Teljesen felszerelt konyha<\/a><\/span>, <span class=\"facility-hair-dryer\"><a href=\"https:\/\/bohoblissbudapest.com\/hun\/accommodation-facility\/hair-dryer\/\">Hajsz\u00e1r\u00edt\u00f3<\/a><\/span>, <span class=\"facility-iron-ironing-board\"><a href=\"https:\/\/bohoblissbudapest.com\/hun\/accommodation-facility\/iron-ironing-board\/\">Vasal\u00f3 \u00e9s vasal\u00f3deszka<\/a><\/span>, <span class=\"facility-microwave\"><a href=\"https:\/\/bohoblissbudapest.com\/hun\/accommodation-facility\/microwave\/\">Mikrohull\u00e1m\u00fa s\u00fct\u0151<\/a><\/span>, <span class=\"facility-optional-breakfast-packages-available\"><a href=\"https:\/\/bohoblissbudapest.com\/hun\/accommodation-facility\/optional-breakfast-packages-available\/\">Ig\u00e9ny eset\u00e9n reggeli<\/a><\/span>, <span class=\"facility-private-bathroom-with-shower\"><a href=\"https:\/\/bohoblissbudapest.com\/hun\/accommodation-facility\/private-bathroom-with-shower\/\">Saj\u00e1t zuhanyz\u00f3s f\u00fcrd\u0151szoba<\/a><\/span>, <span class=\"facility-smart-tv-with-international-channels\"><a href=\"https:\/\/bohoblissbudapest.com\/hun\/accommodation-facility\/smart-tv-with-international-channels\/\">Smart TV nemzetk\u00f6zi csatorn\u00e1kkal<\/a><\/span>, <span class=\"facility-toaster\"><a href=\"https:\/\/bohoblissbudapest.com\/hun\/accommodation-facility\/toaster\/\">Keny\u00e9rpir\u00edt\u00f3<\/a><\/span><\/span><\/li>\n\t\n<\/ul>                    <\/div>\r\n                                    <div class=\"room-booking-details\">\r\n                        \n\n\t<p class=\"mphb-regular-price\"><strong>\u00c1r \u0171rlap:<\/strong>\n\t<span class=\"mphb-price\"><span class=\"mphb-currency\">&euro;<\/span>150<\/span> <span class=\"mphb-price-period\" title=\"V\u00e1lassza ki a d\u00e1tumot az aktu\u00e1lis \u00e1rak megtekint\u00e9s\u00e9hez\">3 \u00e9jszaka<\/span>\n\t<\/p>\n\t\n<div class=\"mphb-to-book-btn-wrapper\">\n<form action=\"https:\/\/bohoblissbudapest.com\/hun\/accommodation\/cozy-escape\/#booking-form-111\" method=\"get\" data-trp-original-action=\"https:\/\/bohoblissbudapest.com\/hun\/accommodation\/cozy-escape\/#booking-form-111\" ><button type=\"submit\" class=\"button mphb-book-button\" >Foglal\u00e1s<\/button><input type=\"hidden\" name=\"trp-form-language\" value=\"hun\"\/><\/form>\n<br\/><\/div>\n<p class=\"mphb-view-details-button-wrapper\">\n<a class=\"button mphb-view-details-button\" href=\"https:\/\/bohoblissbudapest.com\/hun\/accommodation\/cozy-escape\/\" >R\u00e9szletek megtekint\u00e9se<\/a>\n<\/p>                    <\/div>\r\n                            <\/div>\r\n        <\/div>\r\n    \r\n    \r\n<\/div>\r\n\r\n\r\n<div class=\"mphb-room-type post-124 mphb_room_type type-mphb_room_type status-publish has-post-thumbnail mphb_room_type_category-quad mphb_room_type_category-triple mphb_room_type_facility-coffee-maker-kettle mphb_room_type_facility-complimentary-toiletries mphb_room_type_facility-family-friendly-baby-gear-upon-request mphb_room_type_facility-fan mphb_room_type_facility-free-high-speed-wi-fi mphb_room_type_facility-fresh-towels-bed-linen mphb_room_type_facility-fridge-freezer mphb_room_type_facility-fully-equipped-kitchen mphb_room_type_facility-hair-dryer mphb_room_type_facility-iron-ironing-board mphb_room_type_facility-microwave mphb_room_type_facility-optional-breakfast-packages-available mphb_room_type_facility-private-bathroom-with-shower mphb_room_type_facility-smart-tv-with-international-channels mphb_room_type_facility-toaster mphb-room-type-adults-2 mphb-room-type-children-2\">\r\n\r\n                <div class=\"room-images-wrapper\">\r\n            \n\n\t<div class=\"mphb-room-type-images\">\n\t<div id='mphb-flexslider-gallery-2' class='gallery-columns-1 gallery-size-luviana-square mphb-gallery-main-slider mphb-flexslider-gallery-wrapper mphb-room-type-gallery-wrapper mphb-gallery-main-slider-69dde296100e9' data-flexslider-atts='{\"animation\":\"slide\",\"controlNav\":false,\"animationLoop\":true,\"smoothHeight\":true,\"slideshow\":false}' data-group='69dde296100e9'><ul class=\"slides\"><li class='gallery-item'><span class='gallery-icon landscape'>\n\t\t\t\t<a href=\"https:\/\/bohoblissbudapest.com\/hun\/accommodation\/relax-together\/\"><img loading=\"lazy\" decoding=\"async\" width=\"992\" height=\"992\" src=\"https:\/\/bohoblissbudapest.com\/wp-content\/uploads\/2019\/06\/family-apartment-budapest.jpg\" class=\"attachment-luviana-square size-luviana-square\" alt=\"\" srcset=\"https:\/\/bohoblissbudapest.com\/wp-content\/uploads\/2019\/06\/family-apartment-budapest.jpg 992w, https:\/\/bohoblissbudapest.com\/wp-content\/uploads\/2019\/06\/family-apartment-budapest-300x300.jpg 300w, https:\/\/bohoblissbudapest.com\/wp-content\/uploads\/2019\/06\/family-apartment-budapest-150x150.jpg 150w, https:\/\/bohoblissbudapest.com\/wp-content\/uploads\/2019\/06\/family-apartment-budapest-768x768.jpg 768w\" sizes=\"auto, (max-width: 992px) 100vw, 992px\" \/><\/a>\n\t\t\t<\/span><\/li><\/ul>\n\t\t<\/div>\n\n\t<\/div>\n\t        <\/div>\r\n                <div class=\"room-description-wrapper\">\r\n            <div class=\"room-description-inner-wrapper\">\r\n                                    <div class=\"room-details\">\r\n                        \n<h2 class=\"mphb-room-type-title entry-title\">\n\n<a class=\"mphb-room-type-title\" href=\"https:\/\/bohoblissbudapest.com\/hun\/accommodation\/relax-together\/\">K\u00f6z\u00f6s Felt\u00f6lt\u0151d\u00e9s (3\u20134 f\u0151 r\u00e9sz\u00e9re)<\/a>\n\n<\/h2>\n\n<p>Ide\u00e1lis bar\u00e1toknak vagy csal\u00e1doknak, legfeljebb 4 f\u0151 r\u00e9sz\u00e9re. \u00c9lvezz\u00e9tek a k\u00e9nyelmes elrendez\u00e9st a gal\u00e9ria\u00e1ggyal \u00e9s a kih\u00fazhat\u00f3 kanap\u00e9val, egyetek, igyatok egy\u00fctt, \u00e9s pihenjetek meg egy tartalmas nap ut\u00e1n.<\/p>\n\n\n<h3 class=\"mphb-room-type-details-title\">R\u00e9szletek<\/h3><ul class=\"mphb-loop-room-type-attributes\">\n\t<li class=\"mphb-room-type-total-capacity\"><span class=\"mphb-attribute-title mphb-total-capacity-title\">Vend\u00e9gek:<\/span><span class=\"mphb-attribute-value\">\n\t4\n\t<\/span><\/li>\t\n\n\n\n\n\n\n\t<li class=\"mphb-room-type-size\"><span class=\"mphb-attribute-title mphb-size-title\">M\u00e9ret:<\/span><span class=\"mphb-attribute-value\">\n\t29m\u00b2\n\t<\/span><\/li>\n\t\n\n\t<li class=\"mphb-room-type-bed-type\"><span  class=\"mphb-attribute-title mphb-bed-type-title\">\u00c1gy t\u00edpus:<\/span><span class=\"mphb-attribute-value\">\n\tFrancia\u00e1gy, Kih\u00fazhat\u00f3 kanap\u00e9\n\t<\/span><\/li>\n\t\n\n\t<li class=\"mphb-room-type-categories\"><span class=\"mphb-attribute-title mphb-categories-title\">Kateg\u00f3ri\u00e1k:<\/span><span class=\"mphb-attribute-value\"> <span class=\"category-quad\"><a href=\"https:\/\/bohoblissbudapest.com\/hun\/accommodation-category\/quad\/\">N\u00e9gyszem\u00e9lyes<\/a><\/span>, <span class=\"category-triple\"><a href=\"https:\/\/bohoblissbudapest.com\/hun\/accommodation-category\/triple\/\">H\u00e1romszem\u00e9lyes<\/a><\/span><\/span><\/li>\n\t\n\n\t<li class=\"mphb-room-type-facilities\"><span class=\"mphb-attribute-title mphb-facilities-title\">Szolg\u00e1ltat\u00e1sok:<\/span><span class=\"mphb-attribute-value\"> <span class=\"facility-coffee-maker-kettle\"><a href=\"https:\/\/bohoblissbudapest.com\/hun\/accommodation-facility\/coffee-maker-kettle\/\">K\u00e1v\u00e9f\u0151z\u0151 \u00e9s v\u00edzforral\u00f3<\/a><\/span>, <span class=\"facility-complimentary-toiletries\"><a href=\"https:\/\/bohoblissbudapest.com\/hun\/accommodation-facility\/complimentary-toiletries\/\">Ingyenes piperecikkek<\/a><\/span>, <span class=\"facility-family-friendly-baby-gear-upon-request\"><a href=\"https:\/\/bohoblissbudapest.com\/hun\/accommodation-facility\/family-friendly-baby-gear-upon-request\/\">Csal\u00e1dbar\u00e1t: babaeszk\u00f6z\u00f6k k\u00e9r\u00e9sre<\/a><\/span>, <span class=\"facility-fan\"><a href=\"https:\/\/bohoblissbudapest.com\/hun\/accommodation-facility\/fan\/\">Ventil\u00e1tor<\/a><\/span>, <span class=\"facility-free-high-speed-wi-fi\"><a href=\"https:\/\/bohoblissbudapest.com\/hun\/accommodation-facility\/free-high-speed-wi-fi\/\">Ingyenes Wi-Fi<\/a><\/span>, <span class=\"facility-fresh-towels-bed-linen\"><a href=\"https:\/\/bohoblissbudapest.com\/hun\/accommodation-facility\/fresh-towels-bed-linen\/\">Friss t\u00f6r\u00f6lk\u00f6z\u0151 \u00e9s \u00e1gynem\u0171<\/a><\/span>, <span class=\"facility-fridge-freezer\"><a href=\"https:\/\/bohoblissbudapest.com\/hun\/accommodation-facility\/fridge-freezer\/\">H\u0171t\u0151szekr\u00e9ny \u00e9s fagyaszt\u00f3<\/a><\/span>, <span class=\"facility-fully-equipped-kitchen\"><a href=\"https:\/\/bohoblissbudapest.com\/hun\/accommodation-facility\/fully-equipped-kitchen\/\">Teljesen felszerelt konyha<\/a><\/span>, <span class=\"facility-hair-dryer\"><a href=\"https:\/\/bohoblissbudapest.com\/hun\/accommodation-facility\/hair-dryer\/\">Hajsz\u00e1r\u00edt\u00f3<\/a><\/span>, <span class=\"facility-iron-ironing-board\"><a href=\"https:\/\/bohoblissbudapest.com\/hun\/accommodation-facility\/iron-ironing-board\/\">Vasal\u00f3 \u00e9s vasal\u00f3deszka<\/a><\/span>, <span class=\"facility-microwave\"><a href=\"https:\/\/bohoblissbudapest.com\/hun\/accommodation-facility\/microwave\/\">Mikrohull\u00e1m\u00fa s\u00fct\u0151<\/a><\/span>, <span class=\"facility-optional-breakfast-packages-available\"><a href=\"https:\/\/bohoblissbudapest.com\/hun\/accommodation-facility\/optional-breakfast-packages-available\/\">Ig\u00e9ny eset\u00e9n reggeli<\/a><\/span>, <span class=\"facility-private-bathroom-with-shower\"><a href=\"https:\/\/bohoblissbudapest.com\/hun\/accommodation-facility\/private-bathroom-with-shower\/\">Saj\u00e1t zuhanyz\u00f3s f\u00fcrd\u0151szoba<\/a><\/span>, <span class=\"facility-smart-tv-with-international-channels\"><a href=\"https:\/\/bohoblissbudapest.com\/hun\/accommodation-facility\/smart-tv-with-international-channels\/\">Smart TV nemzetk\u00f6zi csatorn\u00e1kkal<\/a><\/span>, <span class=\"facility-toaster\"><a href=\"https:\/\/bohoblissbudapest.com\/hun\/accommodation-facility\/toaster\/\">Keny\u00e9rpir\u00edt\u00f3<\/a><\/span><\/span><\/li>\n\t\n<\/ul>                    <\/div>\r\n                                    <div class=\"room-booking-details\">\r\n                        \n\n\t<p class=\"mphb-regular-price\"><strong>\u00c1r \u0171rlap:<\/strong>\n\t<span class=\"mphb-price\"><span class=\"mphb-currency\">&euro;<\/span>195<\/span> <span class=\"mphb-price-period\" title=\"V\u00e1lassza ki a d\u00e1tumot az aktu\u00e1lis \u00e1rak megtekint\u00e9s\u00e9hez\">3 \u00e9jszaka<\/span>\n\t<\/p>\n\t\n<div class=\"mphb-to-book-btn-wrapper\">\n<form action=\"https:\/\/bohoblissbudapest.com\/hun\/accommodation\/relax-together\/#booking-form-124\" method=\"get\" data-trp-original-action=\"https:\/\/bohoblissbudapest.com\/hun\/accommodation\/relax-together\/#booking-form-124\" ><button type=\"submit\" class=\"button mphb-book-button\" >Foglal\u00e1s<\/button><input type=\"hidden\" name=\"trp-form-language\" value=\"hun\"\/><\/form>\n<br\/><\/div>\n<p class=\"mphb-view-details-button-wrapper\">\n<a class=\"button mphb-view-details-button\" href=\"https:\/\/bohoblissbudapest.com\/hun\/accommodation\/relax-together\/\" >R\u00e9szletek megtekint\u00e9se<\/a>\n<\/p>                    <\/div>\r\n                            <\/div>\r\n        <\/div>\r\n    \r\n    \r\n<\/div>\r\n\r\n\t<\/div>\r\n\t<\/div>","protected":false},"excerpt":{"rendered":"<p class=\"translation-block\">A Boho Bliss egy csendes \u00e9s hangulatos apartman egy hagyom\u00e1nyos, bels\u0151 udvaros h\u00e1z 3. emelet\u00e9n.\nLift nincs, de a nyugodt l\u00e9gk\u00f6r \u00e9s az autentikus b\u00e1j kellemes mened\u00e9kk\u00e9 teszi a v\u00e1ros ny\u00fczsg\u00e9s\u00e9t\u0151l t\u00e1vol.<\/p>","protected":false},"author":1,"featured_media":0,"parent":0,"menu_order":0,"comment_status":"closed","ping_status":"closed","template":"","meta":{"om_disable_all_campaigns":false,"inline_featured_image":false,"_monsterinsights_skip_tracking":false,"_monsterinsights_sitenote_active":false,"_monsterinsights_sitenote_note":"","_monsterinsights_sitenote_category":0,"footnotes":""},"class_list":["post-203","page","type-page","status-publish","hentry"],"aioseo_notices":[],"_links":{"self":[{"href":"https:\/\/bohoblissbudapest.com\/hun\/wp-json\/wp\/v2\/pages\/203","targetHints":{"allow":["GET"]}}],"collection":[{"href":"https:\/\/bohoblissbudapest.com\/hun\/wp-json\/wp\/v2\/pages"}],"about":[{"href":"https:\/\/bohoblissbudapest.com\/hun\/wp-json\/wp\/v2\/types\/page"}],"author":[{"embeddable":true,"href":"https:\/\/bohoblissbudapest.com\/hun\/wp-json\/wp\/v2\/users\/1"}],"replies":[{"embeddable":true,"href":"https:\/\/bohoblissbudapest.com\/hun\/wp-json\/wp\/v2\/comments?post=203"}],"version-history":[{"count":2,"href":"https:\/\/bohoblissbudapest.com\/hun\/wp-json\/wp\/v2\/pages\/203\/revisions"}],"predecessor-version":[{"id":1196,"href":"https:\/\/bohoblissbudapest.com\/hun\/wp-json\/wp\/v2\/pages\/203\/revisions\/1196"}],"wp:attachment":[{"href":"https:\/\/bohoblissbudapest.com\/hun\/wp-json\/wp\/v2\/media?parent=203"}],"curies":[{"name":"wp","href":"https:\/\/api.w.org\/{rel}","templated":true}]}}