{"id":735,"date":"2019-07-15T11:57:59","date_gmt":"2019-07-15T11:57:59","guid":{"rendered":"https:\/\/themes.getmotopress.com\/luviana\/?page_id=735"},"modified":"2025-06-04T15:55:27","modified_gmt":"2025-06-04T15:55:27","slug":"testimonial-block","status":"publish","type":"page","link":"https:\/\/bohoblissbudapest.com\/hun\/testimonial-block\/","title":{"rendered":"Vend\u00e9gk\u00f6nyv"},"content":{"rendered":"<div class=\"wp-block-columns has-2-columns is-layout-flex wp-container-core-columns-is-layout-9d6595d7 wp-block-columns-is-layout-flex\">\n<div class=\"wp-block-column is-layout-flow wp-block-column-is-layout-flow\">\n<div class=\"wp-block-getwid-testimonial has-image\"><div class=\"wp-block-getwid-testimonial__wrapper\"><div class=\"wp-block-getwid-testimonial__content-wrapper\"><p class=\"wp-block-getwid-testimonial__content\">Nagyszer\u0171 kis apartman egy gy\u00f6ny\u00f6r\u0171 r\u00e9gi \u00e9p\u00fcletben. Minden tiszta, hangulatos \u00e9s \u00edzl\u00e9sesen berendezett volt. Im\u00e1dtuk a fekv\u0151gal\u00e9ri\u00e1t \u00e9s az apr\u00f3 r\u00e9szleteket. A friss \u00e1gynem\u0171t \u00e9s t\u00f6r\u00f6lk\u00f6z\u0151ket valamint a sz\u00e9les teav\u00e1laszt\u00e9kot. Kiv\u00e1l\u00f3 k\u00f6zleked\u00e9si lehet\u0151s\u00e9gek vannak 50-100 m-en bel\u00fcl. A h\u00e1zigazda kedves \u00e9s gyorsan reag\u00e1lt. Mindenk\u00e9pp visszat\u00e9rn\u00e9nk!<\/p><\/div><div class=\"wp-block-getwid-testimonial__header\"><div class=\"wp-block-getwid-testimonial__image-wrapper\"><div class=\"wp-block-getwid-testimonial__image\"><img loading=\"lazy\" decoding=\"async\" width=\"150\" height=\"150\" src=\"https:\/\/bohoblissbudapest.com\/wp-content\/uploads\/2025\/03\/sun-beige-150x150.png\" alt=\"\" class=\"wp-image-1104\" srcset=\"https:\/\/bohoblissbudapest.com\/wp-content\/uploads\/2025\/03\/sun-beige-150x150.png 150w, https:\/\/bohoblissbudapest.com\/wp-content\/uploads\/2025\/03\/sun-beige-300x300.png 300w, https:\/\/bohoblissbudapest.com\/wp-content\/uploads\/2025\/03\/sun-beige.png 421w\" sizes=\"auto, (max-width: 150px) 100vw, 150px\" \/><\/div><\/div><div class=\"wp-block-getwid-testimonial__heading\"><span class=\"wp-block-getwid-testimonial__title\">LOTTE &amp; NORIS<\/span><span class=\"wp-block-getwid-testimonial__subtitle\">HOLLANDIA<\/span><\/div><\/div><\/div><\/div>\n\n\n\n<hr class=\"wp-block-separator has-text-color has-alpha-channel-opacity has-background is-style-default\" style=\"background-color:#97b59c;color:#97b59c\"\/>\n\n\n\n<div class=\"wp-block-getwid-testimonial is-style-default has-image\"><div class=\"wp-block-getwid-testimonial__wrapper\"><div class=\"wp-block-getwid-testimonial__content-wrapper\"><p class=\"wp-block-getwid-testimonial__content\">&#8220;We loved our stay at Boho Bliss! The apartment is beautifully decorated, super clean and had everything we needed \u2013 even coffee and games for the kids. The location is amazing, just a short walk from the train and metro. It was the perfect base for exploring Budapest. Highly recommended!&#8221;<\/p><\/div><div class=\"wp-block-getwid-testimonial__header\"><div class=\"wp-block-getwid-testimonial__image-wrapper\"><div class=\"wp-block-getwid-testimonial__image\"><img loading=\"lazy\" decoding=\"async\" width=\"150\" height=\"150\" src=\"https:\/\/bohoblissbudapest.com\/wp-content\/uploads\/2025\/03\/sun-beige-150x150.png\" alt=\"\" class=\"wp-image-1104\" srcset=\"https:\/\/bohoblissbudapest.com\/wp-content\/uploads\/2025\/03\/sun-beige-150x150.png 150w, https:\/\/bohoblissbudapest.com\/wp-content\/uploads\/2025\/03\/sun-beige-300x300.png 300w, https:\/\/bohoblissbudapest.com\/wp-content\/uploads\/2025\/03\/sun-beige.png 421w\" sizes=\"auto, (max-width: 150px) 100vw, 150px\" \/><\/div><\/div><div class=\"wp-block-getwid-testimonial__heading\"><span class=\"wp-block-getwid-testimonial__title\">ANNA &amp; MARK<\/span><span class=\"wp-block-getwid-testimonial__subtitle\">HOLLANDIA<\/span><\/div><\/div><\/div><\/div>\n\n\n\n<hr class=\"wp-block-separator has-text-color has-alpha-channel-opacity has-background is-style-default\" style=\"background-color:#97b59c;color:#97b59c\"\/>\n\n\n\n<div class=\"wp-block-getwid-testimonial is-style-default has-image\"><div class=\"wp-block-getwid-testimonial__wrapper\"><div class=\"wp-block-getwid-testimonial__content-wrapper\"><p class=\"wp-block-getwid-testimonial__content\">\u201cWe came to Budapest for a girls&#8217; weekend and Boho Bliss was just perfect. The space was so cozy and full of character \u2013 we loved the gallery bed and spent hours chatting in the comfy living area. It felt like our own stylish little retreat in the city. Also, everything was super easy to get to!\u201d<\/p><\/div><div class=\"wp-block-getwid-testimonial__header\"><div class=\"wp-block-getwid-testimonial__image-wrapper\"><div class=\"wp-block-getwid-testimonial__image\"><img loading=\"lazy\" decoding=\"async\" width=\"150\" height=\"150\" src=\"https:\/\/bohoblissbudapest.com\/wp-content\/uploads\/2025\/03\/sun-beige-150x150.png\" alt=\"\" class=\"wp-image-1104\" srcset=\"https:\/\/bohoblissbudapest.com\/wp-content\/uploads\/2025\/03\/sun-beige-150x150.png 150w, https:\/\/bohoblissbudapest.com\/wp-content\/uploads\/2025\/03\/sun-beige-300x300.png 300w, https:\/\/bohoblissbudapest.com\/wp-content\/uploads\/2025\/03\/sun-beige.png 421w\" sizes=\"auto, (max-width: 150px) 100vw, 150px\" \/><\/div><\/div><div class=\"wp-block-getwid-testimonial__heading\"><span class=\"wp-block-getwid-testimonial__title\">MAYA &amp; LENA<\/span><span class=\"wp-block-getwid-testimonial__subtitle\">SV\u00c9DORSZ\u00c1G<\/span><\/div><\/div><\/div><\/div>\n\n\n\n<hr class=\"wp-block-separator has-text-color has-alpha-channel-opacity has-background is-style-default\" style=\"background-color:#97b59c;color:#97b59c\"\/>\n\n\n\n<div class=\"wp-block-getwid-testimonial is-style-default has-image\"><div class=\"wp-block-getwid-testimonial__wrapper\"><div class=\"wp-block-getwid-testimonial__content-wrapper\"><p class=\"wp-block-getwid-testimonial__content\">\u201cI stayed for a week while working remotely and couldn\u2019t have asked for a better setup. Quiet, reliable Wi-Fi, a great location, and a space that felt inspiring to work in. The boho atmosphere was such a welcome change from bland hotel rooms!\u201d<\/p><\/div><div class=\"wp-block-getwid-testimonial__header\"><div class=\"wp-block-getwid-testimonial__image-wrapper\"><div class=\"wp-block-getwid-testimonial__image\"><img loading=\"lazy\" decoding=\"async\" width=\"150\" height=\"150\" src=\"https:\/\/bohoblissbudapest.com\/wp-content\/uploads\/2025\/03\/sun-beige-150x150.png\" alt=\"\" class=\"wp-image-1104\" srcset=\"https:\/\/bohoblissbudapest.com\/wp-content\/uploads\/2025\/03\/sun-beige-150x150.png 150w, https:\/\/bohoblissbudapest.com\/wp-content\/uploads\/2025\/03\/sun-beige-300x300.png 300w, https:\/\/bohoblissbudapest.com\/wp-content\/uploads\/2025\/03\/sun-beige.png 421w\" sizes=\"auto, (max-width: 150px) 100vw, 150px\" \/><\/div><\/div><div class=\"wp-block-getwid-testimonial__heading\"><span class=\"wp-block-getwid-testimonial__title\">DANIEL<\/span><span class=\"wp-block-getwid-testimonial__subtitle\">EGYES\u00dcLT \u00c1LLAMOK<\/span><\/div><\/div><\/div><\/div>\n<\/div>\n\n\n\n<div class=\"wp-block-column is-layout-flow wp-block-column-is-layout-flow\">\n<div class=\"wp-block-getwid-testimonial has-image\"><div class=\"wp-block-getwid-testimonial__wrapper\"><div class=\"wp-block-getwid-testimonial__content-wrapper\"><p class=\"wp-block-getwid-testimonial__content\">&#8220;Such a charming and cozy place! We stayed for 5 nights and felt right at home. The gallery bed is super comfy, and we loved the boho touches everywhere. Super easy to get around the city from here. We&#8217;d definitely stay again!&#8221;<\/p><\/div><div class=\"wp-block-getwid-testimonial__header\"><div class=\"wp-block-getwid-testimonial__image-wrapper\"><div class=\"wp-block-getwid-testimonial__image\"><img loading=\"lazy\" decoding=\"async\" width=\"150\" height=\"150\" src=\"https:\/\/bohoblissbudapest.com\/wp-content\/uploads\/2025\/03\/sun-beige-150x150.png\" alt=\"\" class=\"wp-image-1104\" srcset=\"https:\/\/bohoblissbudapest.com\/wp-content\/uploads\/2025\/03\/sun-beige-150x150.png 150w, https:\/\/bohoblissbudapest.com\/wp-content\/uploads\/2025\/03\/sun-beige-300x300.png 300w, https:\/\/bohoblissbudapest.com\/wp-content\/uploads\/2025\/03\/sun-beige.png 421w\" sizes=\"auto, (max-width: 150px) 100vw, 150px\" \/><\/div><\/div><div class=\"wp-block-getwid-testimonial__heading\"><span class=\"wp-block-getwid-testimonial__title\">SOPHIE &amp; ALEX<\/span><span class=\"wp-block-getwid-testimonial__subtitle\">EGYES\u00dcLT KIR\u00c1LYS\u00c1G<\/span><\/div><\/div><\/div><\/div>\n\n\n\n<hr class=\"wp-block-separator has-text-color has-alpha-channel-opacity has-background is-style-default\" style=\"background-color:#97b59c;color:#97b59c\"\/>\n\n\n\n<div class=\"wp-block-getwid-testimonial has-image\"><div class=\"wp-block-getwid-testimonial__wrapper\"><div class=\"wp-block-getwid-testimonial__content-wrapper\"><p class=\"wp-block-getwid-testimonial__content\">&#8220;I stayed at Boho Bliss during a solo trip to Budapest and couldn\u2019t have picked a better place. The apartment felt incredibly safe, quiet, and welcoming \u2014 exactly what I needed after long days of exploring. I loved the cozy gallery bed, the thoughtful design, and the little touches like tea and local tips. It really felt like a peaceful home base in the middle of the city.&#8221;<\/p><\/div><div class=\"wp-block-getwid-testimonial__header\"><div class=\"wp-block-getwid-testimonial__image-wrapper\"><div class=\"wp-block-getwid-testimonial__image\"><img loading=\"lazy\" decoding=\"async\" width=\"150\" height=\"150\" src=\"https:\/\/bohoblissbudapest.com\/wp-content\/uploads\/2025\/03\/sun-beige-150x150.png\" alt=\"\" class=\"wp-image-1104\" srcset=\"https:\/\/bohoblissbudapest.com\/wp-content\/uploads\/2025\/03\/sun-beige-150x150.png 150w, https:\/\/bohoblissbudapest.com\/wp-content\/uploads\/2025\/03\/sun-beige-300x300.png 300w, https:\/\/bohoblissbudapest.com\/wp-content\/uploads\/2025\/03\/sun-beige.png 421w\" sizes=\"auto, (max-width: 150px) 100vw, 150px\" \/><\/div><\/div><div class=\"wp-block-getwid-testimonial__heading\"><span class=\"wp-block-getwid-testimonial__title\">NINA<\/span><span class=\"wp-block-getwid-testimonial__subtitle\">N\u00c9METORSZ\u00c1G<\/span><\/div><\/div><\/div><\/div>\n\n\n\n<hr class=\"wp-block-separator has-text-color has-alpha-channel-opacity has-background is-style-default\" style=\"background-color:#97b59c;color:#97b59c\"\/>\n\n\n\n<div class=\"wp-block-getwid-testimonial has-image\"><div class=\"wp-block-getwid-testimonial__wrapper\"><div class=\"wp-block-getwid-testimonial__content-wrapper\"><p class=\"wp-block-getwid-testimonial__content\">&#8220;Travelling with two kids can be tricky, but Boho Bliss made it smooth and stress-free. The kids loved sleeping on the gallery, and we appreciated the kitchen and the calm environment after busy days in the city. It really felt like a home away from home.&#8221;<\/p><\/div><div class=\"wp-block-getwid-testimonial__header\"><div class=\"wp-block-getwid-testimonial__image-wrapper\"><div class=\"wp-block-getwid-testimonial__image\"><img loading=\"lazy\" decoding=\"async\" width=\"150\" height=\"150\" src=\"https:\/\/bohoblissbudapest.com\/wp-content\/uploads\/2025\/03\/sun-beige-150x150.png\" alt=\"\" class=\"wp-image-1104\" srcset=\"https:\/\/bohoblissbudapest.com\/wp-content\/uploads\/2025\/03\/sun-beige-150x150.png 150w, https:\/\/bohoblissbudapest.com\/wp-content\/uploads\/2025\/03\/sun-beige-300x300.png 300w, https:\/\/bohoblissbudapest.com\/wp-content\/uploads\/2025\/03\/sun-beige.png 421w\" sizes=\"auto, (max-width: 150px) 100vw, 150px\" \/><\/div><\/div><div class=\"wp-block-getwid-testimonial__heading\"><span class=\"wp-block-getwid-testimonial__title\">TOTH FAMILY<\/span><span class=\"wp-block-getwid-testimonial__subtitle\">MAGYARORSZ\u00c1G<\/span><\/div><\/div><\/div><\/div>\n\n\n\n<hr class=\"wp-block-separator has-text-color has-alpha-channel-opacity has-background is-style-default\" style=\"background-color:#97b59c;color:#97b59c\"\/>\n\n\n\n<div class=\"wp-block-getwid-testimonial has-image\"><div class=\"wp-block-getwid-testimonial__wrapper\"><div class=\"wp-block-getwid-testimonial__content-wrapper\"><p class=\"wp-block-getwid-testimonial__content\">\u201cThis place has such a warm and peaceful vibe \u2013 perfect for a romantic getaway. We especially loved the little lights around the gallery bed and having breakfast by the window. It felt more personal than any hotel ever could.\u201d<\/p><\/div><div class=\"wp-block-getwid-testimonial__header\"><div class=\"wp-block-getwid-testimonial__image-wrapper\"><div class=\"wp-block-getwid-testimonial__image\"><img loading=\"lazy\" decoding=\"async\" width=\"150\" height=\"150\" src=\"https:\/\/bohoblissbudapest.com\/wp-content\/uploads\/2025\/03\/sun-beige-150x150.png\" alt=\"\" class=\"wp-image-1104\" srcset=\"https:\/\/bohoblissbudapest.com\/wp-content\/uploads\/2025\/03\/sun-beige-150x150.png 150w, https:\/\/bohoblissbudapest.com\/wp-content\/uploads\/2025\/03\/sun-beige-300x300.png 300w, https:\/\/bohoblissbudapest.com\/wp-content\/uploads\/2025\/03\/sun-beige.png 421w\" sizes=\"auto, (max-width: 150px) 100vw, 150px\" \/><\/div><\/div><div class=\"wp-block-getwid-testimonial__heading\"><span class=\"wp-block-getwid-testimonial__title\">EMILIA &amp; MARCO<\/span><span class=\"wp-block-getwid-testimonial__subtitle\">OLASZORSZ\u00c1G<\/span><\/div><\/div><\/div><\/div>\n<\/div>\n<\/div>\n\n\n\n<p><\/p>","protected":false},"excerpt":{"rendered":"<p>N\u00e9h\u00e1ny gondolat azokt\u00f3l, akik m\u00e1r n\u00e1lunk pihentek.<\/p>","protected":false},"author":1,"featured_media":0,"parent":0,"menu_order":0,"comment_status":"closed","ping_status":"closed","template":"","meta":{"om_disable_all_campaigns":false,"inline_featured_image":false,"_monsterinsights_skip_tracking":false,"_monsterinsights_sitenote_active":false,"_monsterinsights_sitenote_note":"","_monsterinsights_sitenote_category":0,"footnotes":""},"class_list":["post-735","page","type-page","status-publish","hentry"],"aioseo_notices":[],"_links":{"self":[{"href":"https:\/\/bohoblissbudapest.com\/hun\/wp-json\/wp\/v2\/pages\/735","targetHints":{"allow":["GET"]}}],"collection":[{"href":"https:\/\/bohoblissbudapest.com\/hun\/wp-json\/wp\/v2\/pages"}],"about":[{"href":"https:\/\/bohoblissbudapest.com\/hun\/wp-json\/wp\/v2\/types\/page"}],"author":[{"embeddable":true,"href":"https:\/\/bohoblissbudapest.com\/hun\/wp-json\/wp\/v2\/users\/1"}],"replies":[{"embeddable":true,"href":"https:\/\/bohoblissbudapest.com\/hun\/wp-json\/wp\/v2\/comments?post=735"}],"version-history":[{"count":17,"href":"https:\/\/bohoblissbudapest.com\/hun\/wp-json\/wp\/v2\/pages\/735\/revisions"}],"predecessor-version":[{"id":1222,"href":"https:\/\/bohoblissbudapest.com\/hun\/wp-json\/wp\/v2\/pages\/735\/revisions\/1222"}],"wp:attachment":[{"href":"https:\/\/bohoblissbudapest.com\/hun\/wp-json\/wp\/v2\/media?parent=735"}],"curies":[{"name":"wp","href":"https:\/\/api.w.org\/{rel}","templated":true}]}}