{"id":775,"date":"2019-07-15T12:38:58","date_gmt":"2019-07-15T12:38:58","guid":{"rendered":"https:\/\/themes.getmotopress.com\/luviana\/?page_id=775"},"modified":"2025-07-10T16:51:46","modified_gmt":"2025-07-10T16:51:46","slug":"budapest-tips","status":"publish","type":"page","link":"https:\/\/bohoblissbudapest.com\/hun\/budapest-tips\/","title":{"rendered":"Budapest Tippek"},"content":{"rendered":"\n        <div class=\"wp-block-getwid-post-carousel custom-post-type-post alignwide has-slides-gap-large is-carousel has-arrows-outside has-dots-outside\">\n            <div data-slider-option=\"{&quot;sliderSlidesToShowDesktop&quot;:&quot;3&quot;,&quot;getwid_slidesToShowLaptop&quot;:&quot;1&quot;,&quot;getwid_slidesToShowTablet&quot;:&quot;1&quot;,&quot;getwid_slidesToShowMobile&quot;:&quot;1&quot;,&quot;getwid_autoplay_speed&quot;:6000,&quot;getwid_animation_speed&quot;:800,&quot;getwid_slidesToScroll&quot;:&quot;1&quot;,&quot;getwid_autoplay&quot;:true,&quot;getwid_pause_on_hover&quot;:false,&quot;getwid_infinite&quot;:true,&quot;getwid_center_mode&quot;:false,&quot;getwid_arrows&quot;:&quot;outside&quot;,&quot;getwid_dots&quot;:&quot;outside&quot;}\" class=\"wp-block-getwid-post-carousel__wrapper\">\n                \t\t\t\t\t\t\t<div class=\"wp-block-getwid-post-carousel__slide\">\n\t\t\t\t\t\t\t\t\n<div class=\"wp-block-getwid-post-carousel__post\">\n            <div class=\"wp-block-getwid-post-carousel__post-thumbnail\">\n            <a href=\"https:\/\/bohoblissbudapest.com\/hun\/itt-a-nyar-csobbanj-bele-budapest-legjobb-furdoibe\/\"><img loading=\"lazy\" decoding=\"async\" width=\"660\" height=\"440\" src=\"https:\/\/bohoblissbudapest.com\/wp-content\/uploads\/2025\/07\/budapest-thermal-baths-feature-2jpg.jpg\" class=\"attachment-post-thumbnail size-post-thumbnail wp-post-image\" alt=\"\" srcset=\"https:\/\/bohoblissbudapest.com\/wp-content\/uploads\/2025\/07\/budapest-thermal-baths-feature-2jpg.jpg 660w, https:\/\/bohoblissbudapest.com\/wp-content\/uploads\/2025\/07\/budapest-thermal-baths-feature-2jpg-300x200.jpg 300w, https:\/\/bohoblissbudapest.com\/wp-content\/uploads\/2025\/07\/budapest-thermal-baths-feature-2jpg-18x12.jpg 18w\" sizes=\"auto, (max-width: 660px) 100vw, 660px\" \/><\/a>\n        <\/div>\n        <div class=\"wp-block-getwid-post-carousel__post-content-wrapper\">\n        <div class=\"wp-block-getwid-post-carousel__post-header\">\n            <h3 class=\"wp-block-getwid-post-carousel__post-title\"><a href=\"https:\/\/bohoblissbudapest.com\/hun\/itt-a-nyar-csobbanj-bele-budapest-legjobb-furdoibe\/\">Itt a ny\u00e1r \u2013 csobbanj bele BUDAPEST LEGJOBB F\u00dcRD\u0150IBE!<\/a><\/h3>        <\/div>\n        <div class=\"wp-block-getwid-post-carousel__post-excerpt\"><p>A forr\u00f3 ny\u00e1ri napokon nincs is jobb program, mint egy h\u0171s\u00edt\u0151 f\u00fcrd\u0151z\u00e9s \u2013 szerencs\u00e9re Budapest ebben vil\u00e1gszinten is kiemelked\u0151! A v\u00e1ros h\u00edres gy\u00f3gyvizeir\u0151l, t\u00f6rt\u00e9nelmi f\u00fcrd\u0151ir\u0151l \u00e9s modern \u00e9lm\u00e9nykomplexumair\u00f3l. Mutatunk p\u00e1r kihagyhatatlan helyet: 1. Sz\u00e9chenyi Gy\u00f3gyf\u00fcrd\u0151 A V\u00e1rosliget sz\u00edv\u00e9ben tal\u00e1lhat\u00f3 ikonikus f\u00fcrd\u0151 \u2013 k\u00fclt\u00e9ri term\u00e1lmedenc\u00e9k, szaun\u00e1k, massz\u00e1zsok, este ak\u00e1r DJ-s partihangulat. 2. Gell\u00e9rt F\u00fcrd\u0151 Art Nouveau [&hellip;]<\/p>\n<\/div>\n    <\/div>\n<\/div>\n\n\t\t\t\t\t\t\t<\/div>\n\t\t\t\t\t\t\t\t\t\t\t\t\t<div class=\"wp-block-getwid-post-carousel__slide\">\n\t\t\t\t\t\t\t\t\n<div class=\"wp-block-getwid-post-carousel__post\">\n            <div class=\"wp-block-getwid-post-carousel__post-thumbnail\">\n            <a href=\"https:\/\/bohoblissbudapest.com\/hun\/candlelight-koncertek-varazslatos-estek-budapesten\/\"><img loading=\"lazy\" decoding=\"async\" width=\"1170\" height=\"780\" src=\"https:\/\/bohoblissbudapest.com\/wp-content\/uploads\/2025\/07\/2022_01_29_Central-Hall-Westminster_LONDON_UK_04_eftdki_ckt5mi_umdz0c-17-1170x780.jpg\" class=\"attachment-post-thumbnail size-post-thumbnail wp-post-image\" alt=\"\" srcset=\"https:\/\/bohoblissbudapest.com\/wp-content\/uploads\/2025\/07\/2022_01_29_Central-Hall-Westminster_LONDON_UK_04_eftdki_ckt5mi_umdz0c-17-1170x780.jpg 1170w, https:\/\/bohoblissbudapest.com\/wp-content\/uploads\/2025\/07\/2022_01_29_Central-Hall-Westminster_LONDON_UK_04_eftdki_ckt5mi_umdz0c-17-300x200.jpg 300w, https:\/\/bohoblissbudapest.com\/wp-content\/uploads\/2025\/07\/2022_01_29_Central-Hall-Westminster_LONDON_UK_04_eftdki_ckt5mi_umdz0c-17-1024x683.jpg 1024w, https:\/\/bohoblissbudapest.com\/wp-content\/uploads\/2025\/07\/2022_01_29_Central-Hall-Westminster_LONDON_UK_04_eftdki_ckt5mi_umdz0c-17-768x512.jpg 768w, https:\/\/bohoblissbudapest.com\/wp-content\/uploads\/2025\/07\/2022_01_29_Central-Hall-Westminster_LONDON_UK_04_eftdki_ckt5mi_umdz0c-17-18x12.jpg 18w, https:\/\/bohoblissbudapest.com\/wp-content\/uploads\/2025\/07\/2022_01_29_Central-Hall-Westminster_LONDON_UK_04_eftdki_ckt5mi_umdz0c-17.jpg 1200w\" sizes=\"auto, (max-width: 1170px) 100vw, 1170px\" \/><\/a>\n        <\/div>\n        <div class=\"wp-block-getwid-post-carousel__post-content-wrapper\">\n        <div class=\"wp-block-getwid-post-carousel__post-header\">\n            <h3 class=\"wp-block-getwid-post-carousel__post-title\"><a href=\"https:\/\/bohoblissbudapest.com\/hun\/candlelight-koncertek-varazslatos-estek-budapesten\/\">Candlelight koncertek \u2013 var\u00e1zslatos est\u00e9k Budapesten<\/a><\/h3>        <\/div>\n        <div class=\"wp-block-getwid-post-carousel__post-excerpt\"><p>K\u00e9pzeld el, ahogy a gyerty\u00e1k f\u00e9nye lassan bet\u00f6lti a termet, \u00e9s felcsend\u00fclnek a legismertebb dallamok\u2026 Vivaldi N\u00e9gy \u00e9vszaka Coldplay vagy Queen sl\u00e1gerei ABBA-feldolgoz\u00e1sok von\u00f3sn\u00e9gyesre \u2026mindez exkluz\u00edv, t\u00f6rt\u00e9nelmi belv\u00e1rosi helysz\u00edneken. Ezek a koncertek nemcsak zeneileg k\u00fcl\u00f6nlegesek, hanem vizu\u00e1lisan is elb\u0171v\u00f6lnek \u2013 igazi hangulat\u00e9lm\u00e9ny egy ny\u00e1ri est\u00e9n. Augusztusban t\u00f6bb id\u0151pont k\u00f6z\u00fcl is v\u00e1laszthatsz \u2013 n\u00e9zd meg az [&hellip;]<\/p>\n<\/div>\n    <\/div>\n<\/div>\n\n\t\t\t\t\t\t\t<\/div>\n\t\t\t\t\t\t\t\t\t\t\t\t\t<div class=\"wp-block-getwid-post-carousel__slide\">\n\t\t\t\t\t\t\t\t\n<div class=\"wp-block-getwid-post-carousel__post\">\n            <div class=\"wp-block-getwid-post-carousel__post-thumbnail\">\n            <a href=\"https:\/\/bohoblissbudapest.com\/hun\/augusztus-20-unnep-latvany-elmeny-a-duna-partjan\/\"><img loading=\"lazy\" decoding=\"async\" width=\"468\" height=\"264\" src=\"https:\/\/bohoblissbudapest.com\/wp-content\/uploads\/2025\/07\/Image-08-07-2025-at-20.31.jpg\" class=\"attachment-post-thumbnail size-post-thumbnail wp-post-image\" alt=\"\" srcset=\"https:\/\/bohoblissbudapest.com\/wp-content\/uploads\/2025\/07\/Image-08-07-2025-at-20.31.jpg 468w, https:\/\/bohoblissbudapest.com\/wp-content\/uploads\/2025\/07\/Image-08-07-2025-at-20.31-300x169.jpg 300w, https:\/\/bohoblissbudapest.com\/wp-content\/uploads\/2025\/07\/Image-08-07-2025-at-20.31-18x10.jpg 18w\" sizes=\"auto, (max-width: 468px) 100vw, 468px\" \/><\/a>\n        <\/div>\n        <div class=\"wp-block-getwid-post-carousel__post-content-wrapper\">\n        <div class=\"wp-block-getwid-post-carousel__post-header\">\n            <h3 class=\"wp-block-getwid-post-carousel__post-title\"><a href=\"https:\/\/bohoblissbudapest.com\/hun\/augusztus-20-unnep-latvany-elmeny-a-duna-partjan\/\">Augusztus 20. \u2013 \u00dcnnep, l\u00e1tv\u00e1ny, \u00e9lm\u00e9ny a Duna partj\u00e1n!<\/a><\/h3>        <\/div>\n        <div class=\"wp-block-getwid-post-carousel__post-excerpt\"><p>Id\u00e9n is fantasztikus programokkal v\u00e1r Budapest az \u00e1llamalap\u00edt\u00e1s \u00fcnnep\u00e9n: L\u00e1tv\u00e1nyos t\u0171zij\u00e1t\u00e9k L\u00e9gipar\u00e1d\u00e9 a Parlament f\u00f6l\u00f6tt Koncertek, v\u00e1s\u00e1rok, hagyom\u00e1ny\u0151rz\u0151 esem\u00e9nyek Gasztro\u00e9lm\u00e9nyek \u00e9s s\u00e9t\u00e1l\u00f3utc\u00e1v\u00e1 alakul\u00f3 belv\u00e1ros Ez az \u00e9v egyik legpezsg\u0151bb id\u0151szaka \u2013 a v\u00e1ros megtelik hangulattal, zen\u00e9vel \u00e9s f\u00e9nnyel. Ha m\u00e9g nem volt\u00e1l ilyenkor Budapesten, most itt az alkalom! Tipp: A programok m\u00e1r napokkal kor\u00e1bban elkezd\u0151dnek, [&hellip;]<\/p>\n<\/div>\n    <\/div>\n<\/div>\n\n\t\t\t\t\t\t\t<\/div>\n\t\t\t\t\t\t\t\t\t\t\t\t\t<div class=\"wp-block-getwid-post-carousel__slide\">\n\t\t\t\t\t\t\t\t\n<div class=\"wp-block-getwid-post-carousel__post\">\n            <div class=\"wp-block-getwid-post-carousel__post-thumbnail\">\n            <a href=\"https:\/\/bohoblissbudapest.com\/hun\/celebrate-childrens-day-in-budapest\/\"><img loading=\"lazy\" decoding=\"async\" width=\"390\" height=\"260\" src=\"https:\/\/bohoblissbudapest.com\/wp-content\/uploads\/2025\/05\/childrens-day-celebration-budapest.jpg\" class=\"attachment-post-thumbnail size-post-thumbnail wp-post-image\" alt=\"Children\u2019s Day in Budapest\" srcset=\"https:\/\/bohoblissbudapest.com\/wp-content\/uploads\/2025\/05\/childrens-day-celebration-budapest.jpg 390w, https:\/\/bohoblissbudapest.com\/wp-content\/uploads\/2025\/05\/childrens-day-celebration-budapest-300x200.jpg 300w\" sizes=\"auto, (max-width: 390px) 100vw, 390px\" \/><\/a>\n        <\/div>\n        <div class=\"wp-block-getwid-post-carousel__post-content-wrapper\">\n        <div class=\"wp-block-getwid-post-carousel__post-header\">\n            <h3 class=\"wp-block-getwid-post-carousel__post-title\"><a href=\"https:\/\/bohoblissbudapest.com\/hun\/celebrate-childrens-day-in-budapest\/\">Family Fun Ahead \u2013 Children\u2019s Day Celebrations<\/a><\/h3>        <\/div>\n        <div class=\"wp-block-getwid-post-carousel__post-excerpt\"><p>Celebrate Children\u2019s Day in Budapest! Nothing says \u201cBudapest spring\u201d like pancakes in the park. In May, several local parks host open-air pancake events where you can try classic Hungarian-style crepes with jam, cocoa, or cottage cheese. It\u2019s casual, family-friendly, and delightfully delicious.<\/p>\n<\/div>\n    <\/div>\n<\/div>\n\n\t\t\t\t\t\t\t<\/div>\n\t\t\t\t\t\t\t\t\t\t\t\t\t<div class=\"wp-block-getwid-post-carousel__slide\">\n\t\t\t\t\t\t\t\t\n<div class=\"wp-block-getwid-post-carousel__post\">\n            <div class=\"wp-block-getwid-post-carousel__post-thumbnail\">\n            <a href=\"https:\/\/bohoblissbudapest.com\/hun\/rock-royalty-in-town-iron-maiden-live-in-budapest\/\"><img loading=\"lazy\" decoding=\"async\" width=\"700\" height=\"394\" src=\"https:\/\/bohoblissbudapest.com\/wp-content\/uploads\/2025\/05\/iron-maiden-concert-budapest.jpg\" class=\"attachment-post-thumbnail size-post-thumbnail wp-post-image\" alt=\"\" srcset=\"https:\/\/bohoblissbudapest.com\/wp-content\/uploads\/2025\/05\/iron-maiden-concert-budapest.jpg 700w, https:\/\/bohoblissbudapest.com\/wp-content\/uploads\/2025\/05\/iron-maiden-concert-budapest-300x169.jpg 300w\" sizes=\"auto, (max-width: 700px) 100vw, 700px\" \/><\/a>\n        <\/div>\n        <div class=\"wp-block-getwid-post-carousel__post-content-wrapper\">\n        <div class=\"wp-block-getwid-post-carousel__post-header\">\n            <h3 class=\"wp-block-getwid-post-carousel__post-title\"><a href=\"https:\/\/bohoblissbudapest.com\/hun\/rock-royalty-in-town-iron-maiden-live-in-budapest\/\">Rock Royalty in Town \u2013 Iron Maiden Live in Budapest<\/a><\/h3>        <\/div>\n        <div class=\"wp-block-getwid-post-carousel__post-excerpt\"><p>On May 28, legendary metal band Iron Maiden takes the stage at the Budapest Arena. Whether you&#8217;re a lifelong fan or just curious, their powerful live show and iconic sound promise an unforgettable night. Book early\u2014this one&#8217;s sure to sell out!<\/p>\n<\/div>\n    <\/div>\n<\/div>\n\n\t\t\t\t\t\t\t<\/div>\n\t\t\t\t\t\t            <\/div>\n        <\/div>\n        ","protected":false},"excerpt":{"rendered":"","protected":false},"author":1,"featured_media":0,"parent":0,"menu_order":0,"comment_status":"closed","ping_status":"closed","template":"","meta":{"om_disable_all_campaigns":false,"inline_featured_image":false,"_monsterinsights_skip_tracking":false,"_monsterinsights_sitenote_active":false,"_monsterinsights_sitenote_note":"","_monsterinsights_sitenote_category":0,"footnotes":""},"class_list":["post-775","page","type-page","status-publish","hentry"],"aioseo_notices":[],"_links":{"self":[{"href":"https:\/\/bohoblissbudapest.com\/hun\/wp-json\/wp\/v2\/pages\/775","targetHints":{"allow":["GET"]}}],"collection":[{"href":"https:\/\/bohoblissbudapest.com\/hun\/wp-json\/wp\/v2\/pages"}],"about":[{"href":"https:\/\/bohoblissbudapest.com\/hun\/wp-json\/wp\/v2\/types\/page"}],"author":[{"embeddable":true,"href":"https:\/\/bohoblissbudapest.com\/hun\/wp-json\/wp\/v2\/users\/1"}],"replies":[{"embeddable":true,"href":"https:\/\/bohoblissbudapest.com\/hun\/wp-json\/wp\/v2\/comments?post=775"}],"version-history":[{"count":2,"href":"https:\/\/bohoblissbudapest.com\/hun\/wp-json\/wp\/v2\/pages\/775\/revisions"}],"predecessor-version":[{"id":2033,"href":"https:\/\/bohoblissbudapest.com\/hun\/wp-json\/wp\/v2\/pages\/775\/revisions\/2033"}],"wp:attachment":[{"href":"https:\/\/bohoblissbudapest.com\/hun\/wp-json\/wp\/v2\/media?parent=775"}],"curies":[{"name":"wp","href":"https:\/\/api.w.org\/{rel}","templated":true}]}}